{"id":226,"date":"2023-06-17T15:18:10","date_gmt":"2023-06-17T15:18:10","guid":{"rendered":"https:\/\/kbw-suchtnachsorge.de\/?page_id=226"},"modified":"2023-08-20T15:36:24","modified_gmt":"2023-08-20T15:36:24","slug":"therapeutische-angebote","status":"publish","type":"page","link":"https:\/\/kbw-suchtnachsorge.de\/index.php\/therapeutische-angebote\/","title":{"rendered":"Therapeutische Angebote &#038; Aufnahme"},"content":{"rendered":"<div  class='flex_column av-gsbkq-565ba9932b4b893c5891d137c6f5118e av_one_fifth  avia-builder-el-0  el_before_av_two_third  avia-builder-el-first  first flex_column_div  '     ><\/div>\n<div  class='flex_column av-bvh2a-77430e3eb18f6c4d8f4568135abd4b5f av_two_third  avia-builder-el-1  el_after_av_one_fifth  avia-builder-el-last  flex_column_div  '     ><p>\n<style type=\"text\/css\" data-created_by=\"avia_inline_auto\" id=\"style-css-av-ljldj3a8-c4955e65f05f2c92091c036953f698d3\">\n#top .av-special-heading.av-ljldj3a8-c4955e65f05f2c92091c036953f698d3{\npadding-bottom:10px;\n}\nbody .av-special-heading.av-ljldj3a8-c4955e65f05f2c92091c036953f698d3 .av-special-heading-tag .heading-char{\nfont-size:25px;\n}\n.av-special-heading.av-ljldj3a8-c4955e65f05f2c92091c036953f698d3 .av-subheading{\nfont-size:15px;\n}\n<\/style>\n<div  class='av-special-heading av-ljldj3a8-c4955e65f05f2c92091c036953f698d3 av-special-heading-h3  avia-builder-el-2  el_before_av_textblock  avia-builder-el-first '><h3 class='av-special-heading-tag '  itemprop=\"headline\"  >So helfen wir<\/h3><div class=\"special-heading-border\"><div class=\"special-heading-inner-border\"><\/div><\/div><\/div><br \/>\n<section  class='av_textblock_section av-ljldij1l-f72be47d59ccdc594b5eea6b67659409 '   itemscope=\"itemscope\" itemtype=\"https:\/\/schema.org\/CreativeWork\" ><div class='avia_textblock'  itemprop=\"text\" ><p>\u2022 Gestaltung eines suchtmittelfreien Lebensumfeldes<\/p>\n<p>\u2022 Auseinandersetzung mit der eigenen Abh\u00e4ngigkeitserkrankung<\/p>\n<p>\u2022 Unterst\u00fctzung bei der Gestaltung des Tagesablaufes durch bedarfsabh\u00e4ngige Einzel- und Gruppengespr\u00e4che<\/p>\n<p>\u2022 Ergotherapie &amp; Hirnleistungstraining<\/p>\n<p>\u2022 Arbeitstherapie (Holzwerkstatt, Wascherei,\u00a0Garten-, Renovierungs- u. Reinigungsarbeiten u.a.)<\/p>\n<p>\u2022 F\u00f6rderung und Entwicklung sozialer Kompetenzen<\/p>\n<p>\u2022 Hilfe bei der Entwicklung sozialer Kontakte und\u00a0deren Pflege<\/p>\n<p>\u2022\u00a0 Unterst\u00fctzung bei der Freizeitgestaltung<\/p>\n<p>\u2022\u00a0Sport- und Bewegungsangebote<\/p>\n<p>\u2022\u00a0Pflege der Feste im Jahreskreis<\/p>\n<p>\u2022 Unterst\u00fctzung und Begleitung bei Kontakten mit \u00c4mtern, Beh\u00f6rden, medizinischen Einrichtungen und amtlichen\u00a0Betreuern<\/p>\n<\/div><\/section><br \/>\n\n<style type=\"text\/css\" data-created_by=\"avia_inline_auto\" id=\"style-css-av-ljldmck4-af5f2e0a3b70f706ab2bc916352cdf2e\">\n#top .av-special-heading.av-ljldmck4-af5f2e0a3b70f706ab2bc916352cdf2e{\npadding-bottom:10px;\n}\nbody .av-special-heading.av-ljldmck4-af5f2e0a3b70f706ab2bc916352cdf2e .av-special-heading-tag .heading-char{\nfont-size:25px;\n}\n.av-special-heading.av-ljldmck4-af5f2e0a3b70f706ab2bc916352cdf2e .av-subheading{\nfont-size:15px;\n}\n<\/style>\n<div  class='av-special-heading av-ljldmck4-af5f2e0a3b70f706ab2bc916352cdf2e av-special-heading-h3  avia-builder-el-4  el_after_av_textblock  el_before_av_textblock '><h3 class='av-special-heading-tag '  itemprop=\"headline\"  >Aufnahmevoraussetzungen<\/h3><div class=\"special-heading-border\"><div class=\"special-heading-inner-border\"><\/div><\/div><\/div><br \/>\n<section  class='av_textblock_section av-ljldnf1w-73732b8742067ec36625c2dc635ed02c '   itemscope=\"itemscope\" itemtype=\"https:\/\/schema.org\/CreativeWork\" ><div class='avia_textblock'  itemprop=\"text\" ><p>Erforderliche\u00a0 Voraussetzungen f\u00fcr\u00a0 einen Wohnheimplatz:<\/p>\n<ul>\n<li>freiwillige Entscheidung f\u00fcr die Annahme von Hilfe von einer therapeutischen Gemeinschaft<\/li>\n<li>Platzzusage nach erfolgter pers\u00f6hnlicher Vorstellung<\/li>\n<li>Antrag beim zust\u00e4ndigen Kostentr\u00e4ger f\u00fcr Leistungen nach dem SGB IX und einer erteilten Kostenzusage<\/li>\n<li>Nachweis einer abgeschlossene Entgiftungs- oder Entw\u00f6hnungsbehandlung<\/li>\n<\/ul>\n<\/div><\/section><br \/>\n<div  class='avia-button-wrap av-ljldt0oe-073b5579f3b151a26114756e91b1387c-wrap avia-button-center  avia-builder-el-6  el_after_av_textblock  avia-builder-el-last '>\n<style type=\"text\/css\" data-created_by=\"avia_inline_auto\" id=\"style-css-av-ljldt0oe-073b5579f3b151a26114756e91b1387c\">\n#top #wrap_all .avia-button.av-ljldt0oe-073b5579f3b151a26114756e91b1387c:hover{\nbackground-color:grey;\ncolor:black;\ntransition:all 0.4s ease-in-out;\n}\n#top #wrap_all .avia-button.av-ljldt0oe-073b5579f3b151a26114756e91b1387c:hover .avia-svg-icon svg:first-child{\nfill:black;\nstroke:black;\n}\n<\/style>\n<a href='https:\/\/kbw-suchtnachsorge.de\/index.php\/kontakt\/'  class='avia-button av-ljldt0oe-073b5579f3b151a26114756e91b1387c av-link-btn avia-icon_select-yes-left-icon avia-size-large avia-position-center avia-color-orange avia-font-color-black'   aria-label=\"Kontakt\"><span class='avia_button_icon avia_button_icon_left avia-iconfont avia-font-entypo-fontello' data-av_icon='\ue81f' data-av_iconfont='entypo-fontello' ><\/span><span class='avia_iconbox_title' >Kontakt<\/span><\/a><\/div><\/p><\/div>\n","protected":false},"excerpt":{"rendered":"","protected":false},"author":1,"featured_media":0,"parent":0,"menu_order":0,"comment_status":"closed","ping_status":"closed","template":"","meta":{"footnotes":""},"class_list":["post-226","page","type-page","status-publish","hentry"],"_links":{"self":[{"href":"https:\/\/kbw-suchtnachsorge.de\/index.php\/wp-json\/wp\/v2\/pages\/226","targetHints":{"allow":["GET"]}}],"collection":[{"href":"https:\/\/kbw-suchtnachsorge.de\/index.php\/wp-json\/wp\/v2\/pages"}],"about":[{"href":"https:\/\/kbw-suchtnachsorge.de\/index.php\/wp-json\/wp\/v2\/types\/page"}],"author":[{"embeddable":true,"href":"https:\/\/kbw-suchtnachsorge.de\/index.php\/wp-json\/wp\/v2\/users\/1"}],"replies":[{"embeddable":true,"href":"https:\/\/kbw-suchtnachsorge.de\/index.php\/wp-json\/wp\/v2\/comments?post=226"}],"version-history":[{"count":5,"href":"https:\/\/kbw-suchtnachsorge.de\/index.php\/wp-json\/wp\/v2\/pages\/226\/revisions"}],"predecessor-version":[{"id":294,"href":"https:\/\/kbw-suchtnachsorge.de\/index.php\/wp-json\/wp\/v2\/pages\/226\/revisions\/294"}],"wp:attachment":[{"href":"https:\/\/kbw-suchtnachsorge.de\/index.php\/wp-json\/wp\/v2\/media?parent=226"}],"curies":[{"name":"wp","href":"https:\/\/api.w.org\/{rel}","templated":true}]}}